{"id":7,"date":"2025-12-12T10:46:10","date_gmt":"2025-12-12T10:46:10","guid":{"rendered":"https:\/\/isis.paracausalitysystems.com\/?page_id=7"},"modified":"2025-12-12T17:00:33","modified_gmt":"2025-12-12T17:00:33","slug":"carnevale-atellano","status":"publish","type":"page","link":"https:\/\/isis.paracausalitysystems.com\/index.php\/home\/carnevale-atellano\/","title":{"rendered":"Carnevale Atellano"},"content":{"rendered":"\n<div class=\"wp-block-cover alignfull is-light\" style=\"min-height:570px;aspect-ratio:unset;\"><span aria-hidden=\"true\" class=\"wp-block-cover__background has-background-dim-100 has-background-dim has-background-gradient\" style=\"background:linear-gradient(35deg,rgb(6,0,151) 0%,rgb(130,4,255) 73%,rgb(193,15,255) 100%)\"><\/span><div class=\"wp-block-cover__inner-container is-layout-flow wp-block-cover-is-layout-flow\">\n<div class=\"inherit-container-width wp-block-group alignwide is-layout-constrained wp-block-group-is-layout-constrained\">\n<div class=\"wp-block-media-text alignfull has-media-on-the-right is-stacked-on-mobile is-vertically-aligned-center\" style=\"grid-template-columns:auto 29%\"><div class=\"wp-block-media-text__content\">\n<h1 class=\"wp-block-heading has-text-align-left has-white-color has-text-color\">La Fabula Atellana<\/h1>\n\n\n\n<p class=\"has-white-color has-text-color\">la Fabula Atellana non \u00e8 solo una forma teatrale arcaica, ma un tassello fondamentale nella storia<br>del teatro e delle tradizioni carnevalesche. Essa ci mostra come le radici della nostra cultura popolare<br>affondino in un passato lontano, ma ancora riconoscibile nelle maschere e nei riti che sopravvivono oggi.<\/p>\n<\/div><figure class=\"wp-block-media-text__media\"><img loading=\"lazy\" decoding=\"async\" width=\"1024\" height=\"613\" src=\"https:\/\/isis.paracausalitysystems.com\/wp-content\/uploads\/2025\/12\/Screenshot-2025-12-12-123249-1024x613.png\" alt=\"maschere\" class=\"wp-image-60 size-full\" srcset=\"https:\/\/isis.paracausalitysystems.com\/wp-content\/uploads\/2025\/12\/Screenshot-2025-12-12-123249-1024x613.png 1024w, https:\/\/isis.paracausalitysystems.com\/wp-content\/uploads\/2025\/12\/Screenshot-2025-12-12-123249-300x180.png 300w, https:\/\/isis.paracausalitysystems.com\/wp-content\/uploads\/2025\/12\/Screenshot-2025-12-12-123249-768x460.png 768w, https:\/\/isis.paracausalitysystems.com\/wp-content\/uploads\/2025\/12\/Screenshot-2025-12-12-123249.png 1346w\" sizes=\"auto, (max-width: 1024px) 100vw, 1024px\" \/><\/figure><\/div>\n<\/div>\n<\/div><\/div>\n\n\n\n<div class=\"wp-block-group alignfull has-ast-global-color-5-background-color has-background is-layout-constrained wp-block-group-is-layout-constrained\" style=\"padding-bottom:0px\">\n<div class=\"wp-block-columns are-vertically-aligned-top is-layout-flex wp-container-core-columns-is-layout-00723822 wp-block-columns-is-layout-flex\">\n<div class=\"wp-block-column is-vertically-aligned-top has-medium-font-size is-layout-flow wp-container-core-column-is-layout-6b73ce23 wp-block-column-is-layout-flow\">\n<h3 class=\"wp-block-heading has-text-align-center\" style=\"margin-top:16px\">La Fabula Atellana<\/h3>\n\n\n\n<p class=\"has-text-align-center has-ast-global-color-2-color has-text-color has-link-color has-medium-font-size wp-elements-0974d74f28381307d3688ae7e5c8be81\">La Fabula Atellana rappresenta una delle prime forme di teatro popolare dell\u2019Italia antica e affonda le sue origini<br>nella citt\u00e0 di Atella, fondata dagli Osci, un popolo italico che abitava la Campania prima della romanizzazione.<br>Atella sorgeva in un punto strategico tra Aversa, Succivo, Sant\u2019Arpino e Orta di Atella, in una posizione favorevole<br>agli scambi commerciali e culturali, essendo collocata tra Napoli e Capua. Questa centralit\u00e0 contribu\u00ec allo sviluppo<br>di tradizioni artistiche e teatrali che hanno influenzato profondamente la cultura europea.<br><br>Le Fabulae Atellanae nacquero come spettacoli popolari, improvvisati e recitati in lingua osca, senza un testo<br>scritto. Venivano rappresentate soprattutto durante feste religiose e durante i Saturnalia, le celebrazioni romane che<br>anticipano molti aspetti del futuro Carnevale. Da qui nasce il legame tra le Atellane e la tradizione carnevalesca,<br>basata sul divertimento, sulla liberazione dagli schemi sociali e sulla satira.<\/p>\n<\/div>\n<\/div>\n<\/div>\n\n\n\n<div class=\"wp-block-group alignfull is-layout-constrained wp-container-core-group-is-layout-45b0ac4f wp-block-group-is-layout-constrained\" id=\"services\" style=\"padding-top:144px;padding-bottom:0px\">\n<h2 class=\"wp-block-heading has-text-align-center\">Le Maschere Atellane<\/h2>\n\n\n\n<div class=\"wp-block-columns is-layout-flex wp-container-core-columns-is-layout-60cbf9bb wp-block-columns-is-layout-flex\" style=\"margin-top:50px\">\n<div class=\"wp-block-column is-layout-flow wp-container-core-column-is-layout-6b73ce23 wp-block-column-is-layout-flow\">\n<figure class=\"wp-block-image size-full is-resized\"><img loading=\"lazy\" decoding=\"async\" width=\"259\" height=\"194\" src=\"https:\/\/isis.paracausalitysystems.com\/wp-content\/uploads\/2025\/12\/1000096300.jpg\" alt=\"MACCUS\" class=\"wp-image-65\" style=\"object-fit:cover;width:350px;height:300px\"\/><\/figure>\n\n\n\n<h3 class=\"wp-block-heading\" style=\"margin-top:16px\">Maccus<\/h3>\n\n\n\n<p class=\"has-ast-global-color-8-color has-text-color has-link-color has-medium-font-size wp-elements-2ca992d15f92c4445aaacbad1a1e1ade\">Lo sciocco per eccellenza, spesso deriso dagli altri. \u00c8 descritto come \u201cl\u2019uomo dalle grosse mascelle\u201d e<br>indossa un copricapo bianco per nascondere la calvizie.<\/p>\n<\/div>\n\n\n\n<div class=\"wp-block-column is-layout-flow wp-container-core-column-is-layout-6b73ce23 wp-block-column-is-layout-flow\">\n<figure class=\"wp-block-image size-full is-resized\"><img loading=\"lazy\" decoding=\"async\" width=\"163\" height=\"161\" src=\"https:\/\/isis.paracausalitysystems.com\/wp-content\/uploads\/2025\/12\/1000096299.jpg\" alt=\"Buccus\" class=\"wp-image-63\" style=\"object-fit:cover;width:350px;height:300px\"\/><\/figure>\n\n\n\n<h3 class=\"wp-block-heading\" style=\"margin-top:16px\">Buccus<\/h3>\n\n\n\n<p class=\"has-ast-global-color-8-color has-text-color has-link-color has-medium-font-size wp-elements-83c2184d32e60bdfac7e4309503420d0\">Il chiacchierone dalla bocca larga, grande mangione e fanfarone che parla senza riflettere.<\/p>\n<\/div>\n\n\n\n<div class=\"wp-block-column is-layout-flow wp-container-core-column-is-layout-6b73ce23 wp-block-column-is-layout-flow\">\n<figure class=\"wp-block-image size-full is-resized\"><img loading=\"lazy\" decoding=\"async\" width=\"1200\" height=\"1600\" src=\"https:\/\/isis.paracausalitysystems.com\/wp-content\/uploads\/2025\/12\/1000096301.jpg\" alt=\"Dossennus\" class=\"wp-image-66\" style=\"object-fit:cover;width:350px;height:300px\" srcset=\"https:\/\/isis.paracausalitysystems.com\/wp-content\/uploads\/2025\/12\/1000096301.jpg 1200w, https:\/\/isis.paracausalitysystems.com\/wp-content\/uploads\/2025\/12\/1000096301-225x300.jpg 225w, https:\/\/isis.paracausalitysystems.com\/wp-content\/uploads\/2025\/12\/1000096301-768x1024.jpg 768w, https:\/\/isis.paracausalitysystems.com\/wp-content\/uploads\/2025\/12\/1000096301-1152x1536.jpg 1152w\" sizes=\"auto, (max-width: 1200px) 100vw, 1200px\" \/><\/figure>\n\n\n\n<h3 class=\"wp-block-heading\" style=\"margin-top:16px\">Dossennus<\/h3>\n\n\n\n<p class=\"has-ast-global-color-8-color has-text-color has-link-color has-medium-font-size wp-elements-4eff9635a75db26892e69bc1b5c76565\">Il gobbo saccente e astuto. Il suo nome \u00e8 collegato al termine latino dorsum, \u201cschiena\u201d, a causa della<br>sua deformit\u00e0.<\/p>\n<\/div>\n\n\n\n<div class=\"wp-block-column is-layout-flow wp-container-core-column-is-layout-6b73ce23 wp-block-column-is-layout-flow\">\n<figure class=\"wp-block-image size-full is-resized\"><img loading=\"lazy\" decoding=\"async\" width=\"390\" height=\"292\" src=\"https:\/\/isis.paracausalitysystems.com\/wp-content\/uploads\/2025\/12\/1000096302.jpg\" alt=\"Pappus\" class=\"wp-image-64\" style=\"object-fit:cover;width:350px;height:300px\" srcset=\"https:\/\/isis.paracausalitysystems.com\/wp-content\/uploads\/2025\/12\/1000096302.jpg 390w, https:\/\/isis.paracausalitysystems.com\/wp-content\/uploads\/2025\/12\/1000096302-300x225.jpg 300w\" sizes=\"auto, (max-width: 390px) 100vw, 390px\" \/><\/figure>\n\n\n\n<h3 class=\"wp-block-heading\" style=\"margin-top:16px\">Pappus<\/h3>\n\n\n\n<p class=\"has-ast-global-color-8-color has-text-color has-link-color has-medium-font-size wp-elements-1022cf04f0fc4786b199ca44613dfd6b\">Il vecchio ingenuo, avaro e rimbambito, facilmente ingannabile.<\/p>\n<\/div>\n<\/div>\n<\/div>\n\n\n\n<div class=\"wp-block-group alignfull has-ast-global-color-5-background-color has-background is-content-justification-center is-layout-constrained wp-block-group-is-layout-constrained\" id=\"about\" style=\"padding-top:143px;padding-bottom:144px\">\n<p class=\"has-text-align-center has-ast-global-color-8-color has-text-color has-link-color has-medium-font-size wp-elements-4f9b63d837e8e0c91340ea0253e887b7\">Questi personaggi sono considerati i precursori delle maschere italiane, e in particolare dell\u2019iconica figura di<br>Pulcinella, a cui la presentazione dedica una sezione specifica. Pulcinella si caratterizza per l\u2019abito bianco, la<br>mezza maschera nera con il lungo naso e il comportamento ambiguo: \u00e8 furbo e pigro, intelligente ma sempre<br>pronto a ingannare gli altri. Simboleggia il popolo semplice, capace di ridere della vita anche nelle difficolt\u00e0.<br>La sua figura conserva lo spirito autentico delle maschere atellane: spontaneit\u00e0, comicit\u00e0 e critica sociale.<br>La presentazione si conclude affrontando la morte del Carnevale, un rito simbolico che sancisce la fine del<br>periodo festoso e l\u2019inizio della Quaresima. Tale rito consiste nel bruciare o seppellire un fantoccio che<br>rappresenta il Carnevale stesso, mettendo in scena un funerale che celebra il passaggio dalla festa alla<br>riflessione religiosa. Questo momento, carico di significato antropologico, richiama le antiche tradizioni<br>agricole e popolari che gi\u00e0 animavano le Fabulae Atellanae.<\/p>\n\n\n\n<div class=\"wp-block-pdf-viewer-block-standard\" style=\"text-align:center\"><div class=\"uploaded-pdf\"><a href=\"https:\/\/isis.paracausalitysystems.com\/wp-content\/uploads\/2025\/12\/La-Fabula-Atellana.pdf\" data-width=\"\" data-height=\"\"><\/a><\/div><\/div>\n<\/div>\n\n\n\n<p><\/p>\n","protected":false},"excerpt":{"rendered":"<p>La Fabula Atellana La Fabula Atellana rappresenta una delle prime forme di teatro popolare dell\u2019Italia antica e affonda le sue [&hellip;]<\/p>\n","protected":false},"author":1,"featured_media":0,"parent":27,"menu_order":1,"comment_status":"closed","ping_status":"closed","template":"","meta":{"site-sidebar-layout":"no-sidebar","site-content-layout":"plain-container","ast-site-content-layout":"default","site-content-style":"default","site-sidebar-style":"default","ast-global-header-display":"","ast-banner-title-visibility":"","ast-main-header-display":"","ast-hfb-above-header-display":"","ast-hfb-below-header-display":"","ast-hfb-mobile-header-display":"","site-post-title":"disabled","ast-breadcrumbs-content":"","ast-featured-img":"","footer-sml-layout":"","ast-disable-related-posts":"","theme-transparent-header-meta":"enabled","adv-header-id-meta":"","stick-header-meta":"","header-above-stick-meta":"","header-main-stick-meta":"","header-below-stick-meta":"","astra-migrate-meta-layouts":"default","ast-page-background-enabled":"default","ast-page-background-meta":{"desktop":{"background-color":"var(--ast-global-color-5)","background-image":"","background-repeat":"repeat","background-position":"center center","background-size":"auto","background-attachment":"scroll","background-type":"","background-media":"","overlay-type":"","overlay-color":"","overlay-opacity":"","overlay-gradient":""},"tablet":{"background-color":"","background-image":"","background-repeat":"repeat","background-position":"center center","background-size":"auto","background-attachment":"scroll","background-type":"","background-media":"","overlay-type":"","overlay-color":"","overlay-opacity":"","overlay-gradient":""},"mobile":{"background-color":"","background-image":"","background-repeat":"repeat","background-position":"center center","background-size":"auto","background-attachment":"scroll","background-type":"","background-media":"","overlay-type":"","overlay-color":"","overlay-opacity":"","overlay-gradient":""}},"ast-content-background-meta":{"desktop":{"background-color":"var(--ast-global-color-4)","background-image":"","background-repeat":"repeat","background-position":"center center","background-size":"auto","background-attachment":"scroll","background-type":"","background-media":"","overlay-type":"","overlay-color":"","overlay-opacity":"","overlay-gradient":""},"tablet":{"background-color":"var(--ast-global-color-4)","background-image":"","background-repeat":"repeat","background-position":"center center","background-size":"auto","background-attachment":"scroll","background-type":"","background-media":"","overlay-type":"","overlay-color":"","overlay-opacity":"","overlay-gradient":""},"mobile":{"background-color":"var(--ast-global-color-4)","background-image":"","background-repeat":"repeat","background-position":"center center","background-size":"auto","background-attachment":"scroll","background-type":"","background-media":"","overlay-type":"","overlay-color":"","overlay-opacity":"","overlay-gradient":""}},"footnotes":""},"class_list":["post-7","page","type-page","status-publish","hentry"],"_links":{"self":[{"href":"https:\/\/isis.paracausalitysystems.com\/index.php\/wp-json\/wp\/v2\/pages\/7","targetHints":{"allow":["GET"]}}],"collection":[{"href":"https:\/\/isis.paracausalitysystems.com\/index.php\/wp-json\/wp\/v2\/pages"}],"about":[{"href":"https:\/\/isis.paracausalitysystems.com\/index.php\/wp-json\/wp\/v2\/types\/page"}],"author":[{"embeddable":true,"href":"https:\/\/isis.paracausalitysystems.com\/index.php\/wp-json\/wp\/v2\/users\/1"}],"replies":[{"embeddable":true,"href":"https:\/\/isis.paracausalitysystems.com\/index.php\/wp-json\/wp\/v2\/comments?post=7"}],"version-history":[{"count":24,"href":"https:\/\/isis.paracausalitysystems.com\/index.php\/wp-json\/wp\/v2\/pages\/7\/revisions"}],"predecessor-version":[{"id":111,"href":"https:\/\/isis.paracausalitysystems.com\/index.php\/wp-json\/wp\/v2\/pages\/7\/revisions\/111"}],"up":[{"embeddable":true,"href":"https:\/\/isis.paracausalitysystems.com\/index.php\/wp-json\/wp\/v2\/pages\/27"}],"wp:attachment":[{"href":"https:\/\/isis.paracausalitysystems.com\/index.php\/wp-json\/wp\/v2\/media?parent=7"}],"curies":[{"name":"wp","href":"https:\/\/api.w.org\/{rel}","templated":true}]}}